{"id":40,"date":"2020-12-15T07:29:33","date_gmt":"2020-12-15T07:29:33","guid":{"rendered":"https:\/\/goc2020.govmu.org\/oidc\/?page_id=40"},"modified":"2021-01-12T10:16:24","modified_gmt":"2021-01-12T06:16:24","slug":"geographical-description","status":"publish","type":"page","link":"https:\/\/oidc.govmu.org\/oidc\/?page_id=40","title":{"rendered":"Geographical Description"},"content":{"rendered":"<p>[vc_row][vc_column css_animation=&#8221;slideInRight&#8221;][vc_column_text]<span lang=\"EN-US\" xml:lang=\"EN-US\">Description of the Cargados Carajos Group of islands<\/span><\/p>\n<table border=\"1\" width=\"480\" cellspacing=\"0\" cellpadding=\"0\">\n<tbody>\n<tr>\n<td valign=\"top\" width=\"246\">\n<div><span lang=\"EN-US\" xml:lang=\"EN-US\">Islets<\/span><\/div>\n<\/td>\n<td valign=\"top\" width=\"234\">\n<div><span lang=\"EN-US\" xml:lang=\"EN-US\">Approx. Extent (Km2)<\/span><\/div>\n<\/td>\n<\/tr>\n<tr>\n<td valign=\"top\" width=\"246\">\n<div><span lang=\"fr\" xml:lang=\"fr\">Albatross<\/span><\/div>\n<div><span lang=\"fr\" xml:lang=\"fr\">Ile du Nord<\/span><\/div>\n<div><span lang=\"fr\" xml:lang=\"fr\">Puits&nbsp;<\/span><span lang=\"fr\" xml:lang=\"fr\">\u00e0&nbsp;<\/span><span lang=\"fr\" xml:lang=\"fr\">Eau<\/span><\/div>\n<div><span lang=\"fr\" xml:lang=\"fr\">Poulaillier<\/span><\/div>\n<div><span lang=\"fr\" xml:lang=\"fr\">Ile du Sud<\/span><\/div>\n<div><span lang=\"fr\" xml:lang=\"fr\">Grand Capitaine<\/span><\/div>\n<div><span lang=\"fr\" xml:lang=\"fr\">Petit Capitaine<\/span><\/div>\n<div><span lang=\"fr\" xml:lang=\"fr\">Ile Fou<\/span><\/div>\n<div><span lang=\"fr\" xml:lang=\"fr\">Ile Mapou<\/span><\/div>\n<div><span lang=\"fr\" xml:lang=\"fr\">Ile Perle<\/span><\/div>\n<div><span lang=\"fr\" xml:lang=\"fr\">Ile Fr<\/span><span lang=\"fr\" xml:lang=\"fr\">\u00e9<\/span><span lang=\"fr\" xml:lang=\"fr\">gate<\/span><\/div>\n<div><span lang=\"fr\" xml:lang=\"fr\">Ile Sir<\/span><span lang=\"fr\" xml:lang=\"fr\">\u00e8<\/span><span lang=\"fr\" xml:lang=\"fr\">ne<\/span><\/div>\n<div><span lang=\"fr\" xml:lang=\"fr\">Ile de la Baleine<\/span><\/div>\n<div><span lang=\"fr\" xml:lang=\"fr\">Ile Coco<\/span><\/div>\n<div><span lang=\"fr\" xml:lang=\"fr\">Ile Paul<\/span><\/div>\n<div><span lang=\"fr\" xml:lang=\"fr\">Ile Rapha<\/span><span lang=\"fr\" xml:lang=\"fr\">\u00eb<\/span><span lang=\"fr\" xml:lang=\"fr\">l<\/span><\/div>\n<div><span lang=\"fr\" xml:lang=\"fr\">Petit Rapha<\/span><span lang=\"fr\" xml:lang=\"fr\">\u00eb<\/span><span lang=\"fr\" xml:lang=\"fr\">l<\/span><\/div>\n<div><span lang=\"fr\" xml:lang=\"fr\">Ile Tortue<\/span><\/div>\n<div><span lang=\"fr\" xml:lang=\"fr\">Ile Bouquet<\/span><\/div>\n<div><span lang=\"fr\" xml:lang=\"fr\">Petit Dagorgne<\/span><\/div>\n<div><span lang=\"fr\" xml:lang=\"fr\">Grand Dagorgne<\/span><\/div>\n<div><span lang=\"fr\" xml:lang=\"fr\">Ile Longue<\/span><\/div>\n<div><span lang=\"fr\" xml:lang=\"fr\">Avocaire<\/span><\/div>\n<div><span lang=\"fr\" xml:lang=\"fr\">Verronge<\/span><\/div>\n<div><span lang=\"fr\" xml:lang=\"fr\">Ile Courson<\/span><\/div>\n<\/td>\n<td valign=\"top\" width=\"234\">\n<div><span lang=\"fr\" xml:lang=\"fr\">0.64548<\/span><\/div>\n<div><span lang=\"fr\" xml:lang=\"fr\">0.15264<\/span><\/div>\n<div><span lang=\"fr\" xml:lang=\"fr\">0.33558<\/span><\/div>\n<div><span lang=\"fr\" xml:lang=\"fr\">0.04217<\/span><\/div>\n<div><span lang=\"fr\" xml:lang=\"fr\">0.101140<\/span><\/div>\n<div><span lang=\"fr\" xml:lang=\"fr\">0.01926<\/span><\/div>\n<div><span lang=\"fr\" xml:lang=\"fr\">0.00640<\/span><\/div>\n<div><span lang=\"fr\" xml:lang=\"fr\">0.00234<\/span><\/div>\n<div><span lang=\"fr\" xml:lang=\"fr\">0.00178<\/span><\/div>\n<div><span lang=\"fr\" xml:lang=\"fr\">0.18066<\/span><\/div>\n<div><span lang=\"fr\" xml:lang=\"fr\">0.16999<\/span><\/div>\n<div><span lang=\"fr\" xml:lang=\"fr\">0.08159<\/span><\/div>\n<div><span lang=\"fr\" xml:lang=\"fr\">0.00285<\/span><\/div>\n<div><span lang=\"fr\" xml:lang=\"fr\">0.48454<\/span><\/div>\n<div><span lang=\"fr\" xml:lang=\"fr\">0.34821<\/span><\/div>\n<div><span lang=\"fr\" xml:lang=\"fr\">0.03672<\/span><\/div>\n<div><span lang=\"fr\" xml:lang=\"fr\">0.00391<\/span><\/div>\n<div><span lang=\"fr\" xml:lang=\"fr\">0.01753<\/span><\/div>\n<div><span lang=\"fr\" xml:lang=\"fr\">0.01053<\/span><\/div>\n<div><span lang=\"fr\" xml:lang=\"fr\">0.00686<\/span><\/div>\n<div><span lang=\"fr\" xml:lang=\"fr\">0.01308<\/span><\/div>\n<div><span lang=\"fr\" xml:lang=\"fr\">0.00983<\/span><\/div>\n<div><span lang=\"fr\" xml:lang=\"fr\">0.01162<\/span><\/div>\n<div><span lang=\"fr\" xml:lang=\"fr\">0.00831<\/span><\/div>\n<div><span lang=\"fr\" xml:lang=\"fr\">0.01292<\/span><\/div>\n<\/td>\n<\/tr>\n<\/tbody>\n<\/table>\n<div><span lang=\"EN-US\" xml:lang=\"EN-US\">&nbsp;<\/span><\/div>\n<div><span lang=\"EN-US\" xml:lang=\"EN-US\">Many of the islets are mere sandy cays, which tends to change their shape and position after tidal waves or during cyclonic conditions. The main reef, much of which is above water is crescent shaped and extends about 25NM (nautical miles) fro, \u201cPointe Requin\u201d to \u201cPuits&nbsp;<\/span><span lang=\"EN-US\" xml:lang=\"EN-US\">\u00e0&nbsp;<\/span><span lang=\"EN-US\" xml:lang=\"EN-US\">Eau\u201d in the North<\/span><\/div>\n<div>&nbsp;<\/div>\n<div>\n<div><span lang=\"EN-US\" xml:lang=\"EN-US\"><u>Population<br \/>\n<\/u><\/span><\/div>\n<div><span lang=\"EN-US\" xml:lang=\"EN-US\">The population of the island consists of fishermen and staff of the meteorological services and the National Coast Guard.<\/span><\/div>\n<div>&nbsp;<\/div>\n<\/div>\n<p>[\/vc_column_text][\/vc_column][\/vc_row]<\/p>\n","protected":false},"excerpt":{"rendered":"<p>[vc_row][vc_column css_animation=&#8221;slideInRight&#8221;][vc_column_text]Description of the Cargados Carajos Group of islands Islets Approx. Extent (Km2) Albatross Ile du Nord Puits&nbsp;\u00e0&nbsp;Eau Poulaillier Ile du Sud Grand Capitaine Petit Capitaine Ile Fou Ile Mapou Ile Perle Ile Fr\u00e9gate Ile Sir\u00e8ne Ile de la Baleine Ile Coco Ile Paul Ile Rapha\u00ebl Petit Rapha\u00ebl Ile Tortue Ile Bouquet Petit Dagorgne Grand [&hellip;]<\/p>\n","protected":false},"author":1,"featured_media":0,"parent":0,"menu_order":0,"comment_status":"closed","ping_status":"closed","template":"","meta":{"ngg_post_thumbnail":0,"footnotes":""},"class_list":["post-40","page","type-page","status-publish","hentry"],"_links":{"self":[{"href":"https:\/\/oidc.govmu.org\/oidc\/index.php?rest_route=\/wp\/v2\/pages\/40","targetHints":{"allow":["GET"]}}],"collection":[{"href":"https:\/\/oidc.govmu.org\/oidc\/index.php?rest_route=\/wp\/v2\/pages"}],"about":[{"href":"https:\/\/oidc.govmu.org\/oidc\/index.php?rest_route=\/wp\/v2\/types\/page"}],"author":[{"embeddable":true,"href":"https:\/\/oidc.govmu.org\/oidc\/index.php?rest_route=\/wp\/v2\/users\/1"}],"replies":[{"embeddable":true,"href":"https:\/\/oidc.govmu.org\/oidc\/index.php?rest_route=%2Fwp%2Fv2%2Fcomments&post=40"}],"version-history":[{"count":5,"href":"https:\/\/oidc.govmu.org\/oidc\/index.php?rest_route=\/wp\/v2\/pages\/40\/revisions"}],"predecessor-version":[{"id":381,"href":"https:\/\/oidc.govmu.org\/oidc\/index.php?rest_route=\/wp\/v2\/pages\/40\/revisions\/381"}],"wp:attachment":[{"href":"https:\/\/oidc.govmu.org\/oidc\/index.php?rest_route=%2Fwp%2Fv2%2Fmedia&parent=40"}],"curies":[{"name":"wp","href":"https:\/\/api.w.org\/{rel}","templated":true}]}}